{"id":1059,"date":"2024-09-03T18:27:56","date_gmt":"2024-09-03T18:27:56","guid":{"rendered":"https:\/\/mosfresh.ro\/?post_type=product&#038;p=1059"},"modified":"2026-02-20T06:12:35","modified_gmt":"2026-02-20T06:12:35","slug":"cekla","status":"publish","type":"product","link":"https:\/\/mosfresh.ro\/hu\/product\/cekla\/","title":{"rendered":"C\u00c9KLA + (3 liter) &#8211; 100% nat\u00far c\u00e9klal\u00e9 \u00e9s almal\u00e9, hidegen pr\u00e9selt"},"content":{"rendered":"<p>A C\u00e9kla + egy magas c\u00e9klatartalm\u00fa, term\u00e9szetes z\u00f6lds\u00e9g-gy\u00fcm\u00f6lcsl\u00e9, amely hidegen pr\u00e9sel\u00e9ssel k\u00e9sz\u00fcl, gondosan v\u00e1logatott alapanyagokb\u00f3l, hozz\u00e1adott v\u00edz, cukor \u00e9s adal\u00e9kanyagok n\u00e9lk\u00fcl. Ez az egyetlen olyan ital a k\u00edn\u00e1latunkban, amelyben a c\u00e9kla domin\u00e1l, 80%-os ar\u00e1ny\u00e1val val\u00f3di, karakteres z\u00f6lds\u00e9ges alternat\u00edv\u00e1t k\u00edn\u00e1l a gy\u00fcm\u00f6lcsalap\u00fa levek mellett.<\/p>\n<p>A magas c\u00e9klatartalom intenz\u00edv, m\u00e9ly sz\u00ednt \u00e9s jellegzetes, term\u00e9szetesen \u00e9desk\u00e9s \u00edzvil\u00e1got ad az italnak, amelyet az alma harmonikusan kiegyens\u00falyoz. Ez a kombin\u00e1ci\u00f3 k\u00fcl\u00f6n\u00f6sen kedvelt azok k\u00f6r\u00e9ben, akik tudatosan keresik a z\u00f6lds\u00e9ges, funkcion\u00e1lis italokat, illetve akt\u00edv \u00e9letm\u00f3dot folytatnak.<\/p>\n<p>A c\u00e9kla term\u00e9szetes m\u00f3don gazdag antioxid\u00e1nsokban \u00e9s \u00e1sv\u00e1nyi anyagokban, m\u00edg az alma C-vitamin \u00e9s rosttartalma hozz\u00e1j\u00e1rul a szervezet kiegyens\u00falyozott m\u0171k\u00f6d\u00e9s\u00e9hez \u00e9s az em\u00e9szt\u00e9s t\u00e1mogat\u00e1s\u00e1hoz.<br \/>\nAz almale\u0301 fogyaszta\u0301sa kedvezo\u030ben hat a belek e\u0301s a ma\u0301j mu\u030bko\u0308de\u0301se\u0301re, e\u0301s segi\u0301t a szervezet me\u0301regteleni\u0301te\u0301se\u0301ben, mely a\u0301ltal tehermentesi\u0301ti a vese\u0301t, cso\u0308kkenti a veseko\u030b- e\u0301s hu\u0301gysavke\u0301pzo\u030bde\u0301st.<br \/>\nA ce\u0301kla\u0301ban tala\u0301lhato\u0301 A-, C-, B6-vitamin, ka\u0301lium, magne\u0301zium e\u0301s vas. Javi\u0301tja a ve\u0301rkeringe\u0301st, cso\u0308kkentheti a ku\u0308lo\u0308nbo\u0308zo\u030b ti\u0301pusu\u0301 demencia\u0301k kialakula\u0301sa\u0301t, e\u0301s a memo\u0301ria\u0301t is e\u0301lesen tartja. Nagyon jo\u0301l javi\u0301tja az ero\u030bnle\u0301tet, teljesi\u0301tme\u0301nyt e\u0301s a kitarta\u0301st. Ero\u030bsi\u0301ti a csontokat e\u0301s a fogakat, segi\u0301ti a ma\u0301j mu\u030bko\u0308de\u0301se\u0301t, e\u0301s a me\u0301regteleni\u0301te\u0301si folyamatokat is ta\u0301mogatja. Cso\u0308kkenti a zsi\u0301rma\u0301j kialakula\u0301sa\u0301nak riziko\u0301ja\u0301t. Jo\u0301 hata\u0301ssal van a bo\u030bru\u0308nkre.<\/p>\n<p>A term\u00e9k nem tartalmaz hozz\u00e1adott cukrot, tart\u00f3s\u00edt\u00f3szert, sz\u00ednez\u00e9ket vagy \u00edzfokoz\u00f3t. Paszt\u00f6riz\u00e1l\u00e1ssal tart\u00f3s\u00edtott, amely biztos\u00edtja a min\u0151s\u00e9g, a frissess\u00e9g \u00e9s a t\u00e1p\u00e9rt\u00e9k meg\u0151rz\u00e9s\u00e9t. A 3 literes kiszerel\u00e9s ide\u00e1lis v\u00e1laszt\u00e1s rendszeres fogyaszt\u00e1shoz, funkcion\u00e1lis k\u00far\u00e1khoz vagy a teljes csal\u00e1d sz\u00e1m\u00e1ra mindennapos fogyaszt\u00e1sra.<\/p>\n<p><strong>\u00d6sszetev\u0151k: 80% c\u00e9kla, 20% alma<\/strong><br \/>\n<strong>Kiszerel\u00e9s: 3 liter<\/strong><br \/>\n<strong>Csomagol\u00e1s: bag-in-box (zacsk\u00f3 dobozban<\/strong>)<\/p>\n","protected":false},"excerpt":{"rendered":"<p>Ez az egyetlen olyan italunk, amelyben a ce\u0301kla domina\u0301l, e\u0301s kifejezettem olyan o\u0308sszete\u0301telben ta\u0301rsi\u0301tottuk az alma\u0301val, hogy az e\u0301des i\u0301z megmaradjon, de kello\u030b mennyise\u0301gben a\u0301t tudjuk adni ennek a jo\u0301te\u0301kony no\u0308ve\u0301nynek a gyo\u0301gyhata\u0301sa\u0301t.<\/p>\n<p>A ce\u0301kla\u0301ban tala\u0301lhato\u0301 A-, C-, B6-vitamin, ka\u0301lium, magne\u0301zi- um e\u0301s vas. Javi\u0301tja a ve\u0301rkeringe\u0301st, cso\u0308kkentheti a ku\u0308lo\u0308nbo\u0308zo\u030b ti\u0301pusu\u0301 demencia\u0301k kialakula\u0301sa\u0301t, e\u0301s a memo\u0301ria\u0301t is e\u0301lesen tartja. Nagyon jo\u0301l javi\u0301tja az ero\u030bnle\u0301tet, teljesi\u0301tme\u0301nyt e\u0301s a kitarta\u0301st. Ero\u030bsi\u0301ti a csontokat e\u0301s a fogakat, segi\u0301ti a ma\u0301j mu\u030bko\u0308de\u0301se\u0301t, e\u0301s a me\u0301regteleni\u0301te\u0301si folyamatokat is ta\u0301mogat- ja. Cso\u0308kkenti a zsi\u0301rma\u0301j kialakula\u0301sa\u0301nak riziko\u0301ja\u0301t. Jo\u0301 hata\u0301ssal van a bo\u030bru\u0308nkre.<\/p>\n<p>O\u0308sszete\u0301tel: 80% ce\u0301kla, 20% alma<\/p>\n","protected":false},"featured_media":986,"comment_status":"open","ping_status":"closed","template":"","meta":{"_et_pb_use_builder":"","_et_pb_old_content":"","_et_gb_content_width":""},"product_brand":[],"product_cat":[17],"product_tag":[],"class_list":{"0":"post-1059","1":"product","2":"type-product","3":"status-publish","4":"has-post-thumbnail","6":"product_cat-3l-bib","8":"first","9":"instock","10":"shipping-taxable","11":"purchasable","12":"product-type-simple"},"_links":{"self":[{"href":"https:\/\/mosfresh.ro\/hu\/wp-json\/wp\/v2\/product\/1059","targetHints":{"allow":["GET"]}}],"collection":[{"href":"https:\/\/mosfresh.ro\/hu\/wp-json\/wp\/v2\/product"}],"about":[{"href":"https:\/\/mosfresh.ro\/hu\/wp-json\/wp\/v2\/types\/product"}],"replies":[{"embeddable":true,"href":"https:\/\/mosfresh.ro\/hu\/wp-json\/wp\/v2\/comments?post=1059"}],"wp:featuredmedia":[{"embeddable":true,"href":"https:\/\/mosfresh.ro\/hu\/wp-json\/wp\/v2\/media\/986"}],"wp:attachment":[{"href":"https:\/\/mosfresh.ro\/hu\/wp-json\/wp\/v2\/media?parent=1059"}],"wp:term":[{"taxonomy":"product_brand","embeddable":true,"href":"https:\/\/mosfresh.ro\/hu\/wp-json\/wp\/v2\/product_brand?post=1059"},{"taxonomy":"product_cat","embeddable":true,"href":"https:\/\/mosfresh.ro\/hu\/wp-json\/wp\/v2\/product_cat?post=1059"},{"taxonomy":"product_tag","embeddable":true,"href":"https:\/\/mosfresh.ro\/hu\/wp-json\/wp\/v2\/product_tag?post=1059"}],"curies":[{"name":"wp","href":"https:\/\/api.w.org\/{rel}","templated":true}]}}