{"id":1060,"date":"2024-09-03T18:29:47","date_gmt":"2024-09-03T18:29:47","guid":{"rendered":"https:\/\/mosfresh.ro\/?post_type=product&#038;p=1060"},"modified":"2026-02-20T06:12:40","modified_gmt":"2026-02-20T06:12:40","slug":"cekla-alma-sargarepa","status":"publish","type":"product","link":"https:\/\/mosfresh.ro\/hu\/product\/cekla-alma-sargarepa\/","title":{"rendered":"C\u00c9KLA &#8211; ALMA &#8211; S\u00c1RGAR\u00c9PA (3 liter) &#8211; 100% nat\u00far, hidegen pr\u00e9selt"},"content":{"rendered":"<p>Ez a c\u00e9kl\u00e1s, alm\u00e1s, s\u00e1rgar\u00e9p\u00e1s ital hidegen pr\u00e9sel\u00e9ssel k\u00e9sz\u00fcl, gondosan v\u00e1logatott z\u00f6lds\u00e9gekb\u0151l \u00e9s gy\u00fcm\u00f6lcs\u00f6kb\u0151l, hozz\u00e1adott v\u00edz, cukor \u00e9s adal\u00e9kanyagok n\u00e9lk\u00fcl. Az \u00f6sszetev\u0151k kiegyens\u00falyozott ar\u00e1nya \u00e9desk\u00e9s, harmonikus \u00edzvil\u00e1got eredm\u00e9nyez, intenz\u00edv, term\u00e9szetes sz\u00ednnel.<\/p>\n<p>A c\u00e9kla gazdag antioxid\u00e1nsokban \u00e9s \u00e1sv\u00e1nyi anyagokban, a s\u00e1rgar\u00e9pa pedig b\u00e9ta-karotin tartalm\u00e1r\u00f3l ismert, amely a kiegyens\u00falyozott t\u00e1pl\u00e1lkoz\u00e1s fontos r\u00e9sze. Az alma C-vitamin \u00e9s rosttartalma t\u00e1mogatja az em\u00e9szt\u00e9st \u00e9s a szervezet \u00e1ltal\u00e1nos j\u00f3ll\u00e9t\u00e9t. A sa\u0301rgare\u0301pa karotinjai ero\u030bsi\u0301tik az immun- rendszert, e\u0301s mivel A-vitaminban gazdag, igencsak java- solt fogyasztani a jo\u0301 la\u0301ta\u0301s e\u0301s a nya\u0301lkaha\u0301rtya\u0301k ege\u0301szse\u0301ge szempontja\u0301bo\u0301l.<br \/>\nAz almale\u0301 fogyaszta\u0301sa kedvezo\u030ben hat a belek e\u0301s a ma\u0301j mu\u030bko\u0308de\u0301se\u0301re, e\u0301s segi\u0301t a szervezet me\u0301regteleni\u0301te\u0301se\u0301ben, mely a\u0301ltal tehermentesi\u0301ti a vese\u0301t, cso\u0308kkenti a veseko\u030b- e\u0301s hu\u0301gysavke\u0301pzo\u030bde\u0301st.<br \/>\nA ce\u0301kla\u0301ban tala\u0301lhato\u0301 A-, C-, B6-vitamin, ka\u0301lium, magne\u0301zium e\u0301s vas. Javi\u0301tja a ve\u0301rkeringe\u0301st, cso\u0308kkentheti a ku\u0308lo\u0308nbo\u0308zo\u030b ti\u0301pusu\u0301 demencia\u0301k kialakula\u0301sa\u0301t, e\u0301s a memo\u0301ria\u0301t is e\u0301lesen tartja. Nagyon jo\u0301l javi\u0301tja az ero\u030bnle\u0301tet, teljesi\u0301tme\u0301nyt e\u0301s a kitarta\u0301st. Ero\u030bsi\u0301ti a csontokat e\u0301s a fogakat, segi\u0301ti a ma\u0301j mu\u030bko\u0308de\u0301se\u0301t, e\u0301s a me\u0301regteleni\u0301te\u0301si folyamatokat is ta\u0301mogatja. Cso\u0308kkenti a zsi\u0301rma\u0301j kialakula\u0301sa\u0301nak riziko\u0301ja\u0301t. Jo\u0301 hata\u0301ssal van a bo\u030bru\u0308nkre.<\/p>\n<p>A term\u00e9k nem tartalmaz hozz\u00e1adott cukrot, tart\u00f3s\u00edt\u00f3szert, sz\u00ednez\u00e9ket vagy \u00edzfokoz\u00f3t. Paszt\u00f6riz\u00e1l\u00e1ssal tart\u00f3s\u00edtott, amely biztos\u00edtja a min\u0151s\u00e9g, a frissess\u00e9g \u00e9s a t\u00e1p\u00e9rt\u00e9k meg\u0151rz\u00e9s\u00e9t. Ide\u00e1lis v\u00e1laszt\u00e1s mindazok sz\u00e1m\u00e1ra, akik napi szinten szeretn\u00e9nek term\u00e9szetes m\u00f3don z\u00f6lds\u00e9get \u00e9s gy\u00fcm\u00f6lcs\u00f6t bevinni \u00e9trendj\u00fckbe.<\/p>\n<p><strong>\u00d6sszetev\u0151k: 30% c\u00e9kla, 40% alma, 30% s\u00e1rgar\u00e9pa<\/strong><br \/>\n<strong>Kiszerel\u00e9s: 3 liter<\/strong><br \/>\n<strong>Csomagol\u00e1s: bag-in-box (zacsk\u00f3 dobozban)<\/strong><\/p>\n","protected":false},"excerpt":{"rendered":"<p>A legne\u0301pszeru\u030bbb levu\u0308nk az ido\u030bsek e\u0301s a sportolo\u0301k ko\u0308re\u0301ben. Az i\u0301zek hiba\u0301tlan harmo\u0301nia\u0301ja\u0301t e\u0301lvezheted ebben a zo\u0308ldse\u0301g-gyu\u0308mo\u0308lcsle\u0301ben, a ce\u0301kla lu\u0301gos la\u0301gysa\u0301ga\u0301t, lehelet- nyi fo\u0308ldesse\u0301ge\u0301t to\u0308ke\u0301letesen kiege\u0301szi\u0301ti a marka\u0301nsabb sa\u0301rgare\u0301pa e\u0301s ehhez a zo\u0308ldse\u0301gkombina\u0301cio\u0301hoz jo\u0308n hozza\u0301 az enyhe\u0301n savas alma.<\/p>\n<p>Az alma\u0301nak a me\u0301regteleni\u0301te\u0301sben van kulcsfontossa\u0301gu\u0301 szerepe. A sa\u0301rgare\u0301pa karotinjai ero\u030bsi\u0301tik az immun- rendszert, e\u0301s mivel A-vitaminban gazdag, igencsak java- solt fogyasztani a jo\u0301 la\u0301ta\u0301s e\u0301s a nya\u0301lkaha\u0301rtya\u0301k ege\u0301szse\u0301ge szempontja\u0301bo\u0301l. A ce\u0301kla a ve\u0301rkeringe\u0301st, memo\u0301ria\u0301t, ero\u030bn- le\u0301tet, csontokat e\u0301s a ma\u0301j mu\u030bko\u0308de\u0301se\u0301t segi\u0301ti.<\/p>\n<p>O\u0308sszete\u0301tel: 30% ce\u0301kla, 40% alma, 30% re\u0301pa<\/p>\n","protected":false},"featured_media":984,"comment_status":"open","ping_status":"closed","template":"","meta":{"_et_pb_use_builder":"","_et_pb_old_content":"","_et_gb_content_width":""},"product_brand":[],"product_cat":[17],"product_tag":[],"class_list":{"0":"post-1060","1":"product","2":"type-product","3":"status-publish","4":"has-post-thumbnail","6":"product_cat-3l-bib","8":"first","9":"instock","10":"shipping-taxable","11":"purchasable","12":"product-type-simple"},"_links":{"self":[{"href":"https:\/\/mosfresh.ro\/hu\/wp-json\/wp\/v2\/product\/1060","targetHints":{"allow":["GET"]}}],"collection":[{"href":"https:\/\/mosfresh.ro\/hu\/wp-json\/wp\/v2\/product"}],"about":[{"href":"https:\/\/mosfresh.ro\/hu\/wp-json\/wp\/v2\/types\/product"}],"replies":[{"embeddable":true,"href":"https:\/\/mosfresh.ro\/hu\/wp-json\/wp\/v2\/comments?post=1060"}],"wp:featuredmedia":[{"embeddable":true,"href":"https:\/\/mosfresh.ro\/hu\/wp-json\/wp\/v2\/media\/984"}],"wp:attachment":[{"href":"https:\/\/mosfresh.ro\/hu\/wp-json\/wp\/v2\/media?parent=1060"}],"wp:term":[{"taxonomy":"product_brand","embeddable":true,"href":"https:\/\/mosfresh.ro\/hu\/wp-json\/wp\/v2\/product_brand?post=1060"},{"taxonomy":"product_cat","embeddable":true,"href":"https:\/\/mosfresh.ro\/hu\/wp-json\/wp\/v2\/product_cat?post=1060"},{"taxonomy":"product_tag","embeddable":true,"href":"https:\/\/mosfresh.ro\/hu\/wp-json\/wp\/v2\/product_tag?post=1060"}],"curies":[{"name":"wp","href":"https:\/\/api.w.org\/{rel}","templated":true}]}}