{"id":1061,"date":"2024-09-03T18:31:06","date_gmt":"2024-09-03T18:31:06","guid":{"rendered":"https:\/\/mosfresh.ro\/?post_type=product&#038;p=1061"},"modified":"2026-03-17T11:19:39","modified_gmt":"2026-03-17T11:19:39","slug":"alma-gyomber-250-ml","status":"publish","type":"product","link":"https:\/\/mosfresh.ro\/hu\/product\/alma-gyomber-250-ml\/","title":{"rendered":"GY\u00d6MB\u00c9R-ALMA (250ml) &#8211; 100% nat\u00far, hidegen pr\u00e9selt"},"content":{"rendered":"<div class=\"page\" title=\"Page 8\">\n<div class=\"section\">\n<div class=\"layoutArea\">\n<div class=\"column\">\n<p>Gy\u00f6mb\u00e9r-alma nat\u00far lev\u00fcnk hidegen pr\u00e9sel\u00e9ssel k\u00e9sz\u00fcl, gondosan v\u00e1logatott alapanyagokb\u00f3l, hozz\u00e1adott v\u00edz, cukor \u00e9s adal\u00e9kanyagok n\u00e9lk\u00fcl. A gy\u00f6mb\u00e9r kiegyens\u00falyozott ar\u00e1nya friss\u00edt\u0151, enyh\u00e9n cs\u00edp\u0151s \u00edzvil\u00e1got eredm\u00e9nyez, amely term\u00e9szetes m\u00f3don \u00e9l\u00e9nk\u00edti az \u00e9rz\u00e9keket, kieg\u00e9sz\u00edtve az alma \u00e9des \u00edz\u00e9t.<\/p>\n<p>A gy\u00f6mb\u00e9r k\u00f6zismert \u00e9l\u00e9nk\u00edt\u0151 \u00e9s em\u00e9szt\u00e9st t\u00e1mogat\u00f3 hat\u00e1s\u00e1r\u00f3l, az alma pedig term\u00e9szetes C-vitamin- \u00e9s rosttartalma hozz\u00e1j\u00e1rul a szervezet kiegyens\u00falyozott m\u0171k\u00f6d\u00e9s\u00e9hez \u00e9s a mindennapi energiaszint fenntart\u00e1s\u00e1hoz.<br \/>\nAz almale\u0301 fogyaszta\u0301sa kedvezo\u030ben hat a belek e\u0301s a ma\u0301j mu\u030bko\u0308de\u0301se\u0301re, e\u0301s segi\u0301t a szervezet me\u0301regteleni\u0301te\u0301se\u0301ben, mely a\u0301ltal tehermentesi\u0301ti a vese\u0301t, cso\u0308kkenti a veseko\u030b- e\u0301s hu\u0301gysavke\u0301pzo\u030bde\u0301st.<br \/>\nEgyik legne\u0301pszeru\u030bbb gyu\u0308mo\u0308lcslevu\u0308nk, melyet fiatalok, ido\u030bsek, i\u0301nyencek egyara\u0301nt fogyasztanak a gyo\u0308mbe\u0301r ku\u0308lo\u0308n- leges i\u0301ze e\u0301s ege\u0301szse\u0301gre gyakorolt kedvezo\u030b hata\u0301sa miatt. Aka\u0301rcsak az alma, a gyo\u0308mbe\u0301r is hozza\u0301ja\u0301rul a be\u0301lrendszer ege\u0301szse\u0301ges mu\u030bko\u0308de\u0301se\u0301hez, e\u0301s emellett fontos szerepe van a gyullada\u0301sok, fa\u0301jdalmak, ha\u0301nyinger, la\u0301z e\u0301s ko\u0308ho\u0308ge\u0301s enyhi\u0301te\u0301se\u0301ben is. Hato\u0301anyagai ve\u0301delmet biztosi\u0301tanak vi\u0301rusok e\u0301s bakte\u0301ri- umok ellen, valamint segi\u0301tenek korda\u0301ban tartani a ve\u0301rcukorszintet.<\/p>\n<p>A term\u00e9k nem tartalmaz hozz\u00e1adott cukrot, tart\u00f3s\u00edt\u00f3szert, sz\u00ednez\u00e9ket vagy \u00edzfokoz\u00f3t. Paszt\u00f6riz\u00e1l\u00e1ssal tart\u00f3s\u00edtott, amely biztos\u00edtja a min\u0151s\u00e9g, a frissess\u00e9g \u00e9s a t\u00e1p\u00e9rt\u00e9k meg\u0151rz\u00e9s\u00e9t. Ide\u00e1lis v\u00e1laszt\u00e1s egy akt\u00edv nap ind\u00edt\u00e1s\u00e1hoz vagy friss\u00edt\u0151 italk\u00e9nt \u00e9tkez\u00e9sek k\u00f6z\u00f6tt.<\/p>\n<p><strong>\u00d6sszetev\u0151k: 90% alma, 10% gy\u00f6mb\u00e9r<\/strong><br \/>\n<strong>Kiszerel\u00e9s: 250 ml<\/strong><br \/>\n<strong>Csomagol\u00e1s: \u00fcveg<\/strong><\/p>\n<\/div>\n<\/div>\n<\/div>\n<\/div>\n","protected":false},"excerpt":{"rendered":"<p>Gy\u00f6mb\u00e9r-alma nat\u00far lev\u00fcnk hidegen pr\u00e9sel\u00e9ssel k\u00e9sz\u00fcl, gondosan v\u00e1logatott alapanyagokb\u00f3l, hozz\u00e1adott v\u00edz, cukor \u00e9s adal\u00e9kanyagok n\u00e9lk\u00fcl. A gy\u00f6mb\u00e9r kiegyens\u00falyozott ar\u00e1nya friss\u00edt\u0151, enyh\u00e9n cs\u00edp\u0151s \u00edzvil\u00e1got eredm\u00e9nyez, amely term\u00e9szetes m\u00f3don \u00e9l\u00e9nk\u00edti az \u00e9rz\u00e9keket, kieg\u00e9sz\u00edtve az alma \u00e9des \u00edz\u00e9t.<\/p>\n<p>A gy\u00f6mb\u00e9r k\u00f6zismert \u00e9l\u00e9nk\u00edt\u0151 \u00e9s em\u00e9szt\u00e9st t\u00e1mogat\u00f3 hat\u00e1s\u00e1r\u00f3l, az alma pedig term\u00e9szetes C-vitamin- \u00e9s rosttartalma hozz\u00e1j\u00e1rul a szervezet kiegyens\u00falyozott m\u0171k\u00f6d\u00e9s\u00e9hez \u00e9s a mindennapi energiaszint fenntart\u00e1s\u00e1hoz.<\/p>\n","protected":false},"featured_media":1468,"comment_status":"open","ping_status":"closed","template":"","meta":{"_et_pb_use_builder":"","_et_pb_old_content":"","_et_gb_content_width":""},"product_brand":[],"product_cat":[26,25],"product_tag":[],"class_list":{"0":"post-1061","1":"product","2":"type-product","3":"status-publish","4":"has-post-thumbnail","6":"product_cat-gyumolcsle-250ml","7":"product_cat-hidegen-preselt-gyumolcsle","9":"first","10":"instock","11":"shipping-taxable","12":"purchasable","13":"product-type-simple"},"_links":{"self":[{"href":"https:\/\/mosfresh.ro\/hu\/wp-json\/wp\/v2\/product\/1061","targetHints":{"allow":["GET"]}}],"collection":[{"href":"https:\/\/mosfresh.ro\/hu\/wp-json\/wp\/v2\/product"}],"about":[{"href":"https:\/\/mosfresh.ro\/hu\/wp-json\/wp\/v2\/types\/product"}],"replies":[{"embeddable":true,"href":"https:\/\/mosfresh.ro\/hu\/wp-json\/wp\/v2\/comments?post=1061"}],"wp:featuredmedia":[{"embeddable":true,"href":"https:\/\/mosfresh.ro\/hu\/wp-json\/wp\/v2\/media\/1468"}],"wp:attachment":[{"href":"https:\/\/mosfresh.ro\/hu\/wp-json\/wp\/v2\/media?parent=1061"}],"wp:term":[{"taxonomy":"product_brand","embeddable":true,"href":"https:\/\/mosfresh.ro\/hu\/wp-json\/wp\/v2\/product_brand?post=1061"},{"taxonomy":"product_cat","embeddable":true,"href":"https:\/\/mosfresh.ro\/hu\/wp-json\/wp\/v2\/product_cat?post=1061"},{"taxonomy":"product_tag","embeddable":true,"href":"https:\/\/mosfresh.ro\/hu\/wp-json\/wp\/v2\/product_tag?post=1061"}],"curies":[{"name":"wp","href":"https:\/\/api.w.org\/{rel}","templated":true}]}}