{"id":1062,"date":"2024-09-03T18:31:34","date_gmt":"2024-09-03T18:31:34","guid":{"rendered":"https:\/\/mosfresh.ro\/?post_type=product&#038;p=1062"},"modified":"2026-03-17T11:19:35","modified_gmt":"2026-03-17T11:19:35","slug":"alma-250-ml","status":"publish","type":"product","link":"https:\/\/mosfresh.ro\/hu\/product\/alma-250-ml\/","title":{"rendered":"ALMA (250ml) &#8211; 100% nat\u00far gy\u00fcm\u00f6lcsl\u00e9, hidegen pr\u00e9selt"},"content":{"rendered":"<div class=\"page\" title=\"Page 6\">\n<div class=\"section\">\n<div class=\"layoutArea\">\n<div class=\"column\">\n<p>Almalev\u00fcnk kiz\u00e1r\u00f3lag gondosan v\u00e1logatott, kiv\u00e1l\u00f3 min\u0151s\u00e9g\u0171 alm\u00e1b\u00f3l k\u00e9sz\u00fcl. A levet hidegen pr\u00e9sel\u00e9ssel kapjuk, amely seg\u00edt meg\u0151rizni a gy\u00fcm\u00f6lcs term\u00e9szetes \u00edz\u00e9t, valamint \u00e9rt\u00e9kes vitamin- \u00e9s t\u00e1panyagtartalm\u00e1t.<br \/>\nA term\u00e9k nem tartalmaz hozz\u00e1adott cukrot, adal\u00e9kanyagokat, tart\u00f3s\u00edt\u00f3szert, sz\u00ednez\u00e9ket vagy \u00edzfokoz\u00f3t. V\u00edzzel sincs h\u00edg\u00edtva: pontosan olyan, ahogyan a term\u00e9szet megalkotta.<\/p>\n<p>Az alma term\u00e9szetes m\u00f3don gazdag C-vitaminban, antioxid\u00e1nsokban \u00e9s rostokban, amelyek hozz\u00e1j\u00e1rulnak az immunrendszer t\u00e1mogat\u00e1s\u00e1hoz, az em\u00e9szt\u00e9s megfelel\u0151 m\u0171k\u00f6d\u00e9s\u00e9hez \u00e9s a mindennapi energiaszint fenntart\u00e1s\u00e1hoz. Term\u00e9szetes \u00f6sszet\u00e9tel\u00e9nek k\u00f6sz\u00f6nhet\u0151en az almal\u00e9 ide\u00e1lis v\u00e1laszt\u00e1s gyermekek \u00e9s feln\u0151ttek sz\u00e1m\u00e1ra egyar\u00e1nt, k\u00fcl\u00f6n\u00f6sen azoknak, akik tudatosan figyelni szeretn\u00e9nek az eg\u00e9szs\u00e9ges t\u00e1pl\u00e1lkoz\u00e1sra.<br \/>\nAz almale\u0301 fogyaszta\u0301sa kedvezo\u030ben hat a belek e\u0301s a ma\u0301j mu\u030bko\u0308de\u0301se\u0301re, e\u0301s segi\u0301t a szervezet me\u0301regteleni\u0301te\u0301se\u0301ben, mely a\u0301ltal tehermentesi\u0301ti a vese\u0301t, cso\u0308kkenti a veseko\u030b- e\u0301s hu\u0301gysavke\u0301pzo\u030bde\u0301st.<\/p>\n<p>A term\u00e9k paszt\u00f6riz\u00e1l\u00e1ssal tart\u00f3s\u00edtott, amely biztos\u00edtja a min\u0151s\u00e9g, a frissess\u00e9g \u00e9s a t\u00e1p\u00e9rt\u00e9k meg\u0151rz\u00e9s\u00e9t. Friss\u00edt\u0151 italk\u00e9nt, reggeli mell\u00e9 vagy \u00e9tkez\u00e9sek k\u00f6z\u00f6tt fogyasztva term\u00e9szetes m\u00f3don j\u00e1rul hozz\u00e1 a napi folyad\u00e9k- \u00e9s t\u00e1panyagbevitelhez.<\/p>\n<p><strong>\u00d6sszetev\u0151k: 100% alma<\/strong><br \/>\n<strong>Kiszerel\u00e9s: 250 ml<\/strong><br \/>\n<strong>Csomagol\u00e1s: \u00fcveg<\/strong><\/p>\n<\/div>\n<\/div>\n<\/div>\n<\/div>\n","protected":false},"excerpt":{"rendered":"<p>Almalev\u00fcnk kiz\u00e1r\u00f3lag gondosan v\u00e1logatott, kiv\u00e1l\u00f3 min\u0151s\u00e9g\u0171 alm\u00e1b\u00f3l k\u00e9sz\u00fcl. A levet hidegen pr\u00e9sel\u00e9ssel kapjuk, amely seg\u00edt meg\u0151rizni a gy\u00fcm\u00f6lcs term\u00e9szetes \u00edz\u00e9t, valamint \u00e9rt\u00e9kes vitamin- \u00e9s t\u00e1panyagtartalm\u00e1t.<br \/>\nA term\u00e9k nem tartalmaz hozz\u00e1adott cukrot, adal\u00e9kanyagokat, tart\u00f3s\u00edt\u00f3szert, sz\u00ednez\u00e9ket vagy \u00edzfokoz\u00f3t. V\u00edzzel sincs h\u00edg\u00edtva: pontosan olyan, ahogyan a term\u00e9szet megalkotta.<\/p>\n","protected":false},"featured_media":1453,"comment_status":"open","ping_status":"closed","template":"","meta":{"_et_pb_use_builder":"","_et_pb_old_content":"","_et_gb_content_width":""},"product_brand":[],"product_cat":[26,25],"product_tag":[],"class_list":{"0":"post-1062","1":"product","2":"type-product","3":"status-publish","4":"has-post-thumbnail","6":"product_cat-gyumolcsle-250ml","7":"product_cat-hidegen-preselt-gyumolcsle","9":"first","10":"instock","11":"shipping-taxable","12":"purchasable","13":"product-type-simple"},"_links":{"self":[{"href":"https:\/\/mosfresh.ro\/hu\/wp-json\/wp\/v2\/product\/1062","targetHints":{"allow":["GET"]}}],"collection":[{"href":"https:\/\/mosfresh.ro\/hu\/wp-json\/wp\/v2\/product"}],"about":[{"href":"https:\/\/mosfresh.ro\/hu\/wp-json\/wp\/v2\/types\/product"}],"replies":[{"embeddable":true,"href":"https:\/\/mosfresh.ro\/hu\/wp-json\/wp\/v2\/comments?post=1062"}],"wp:featuredmedia":[{"embeddable":true,"href":"https:\/\/mosfresh.ro\/hu\/wp-json\/wp\/v2\/media\/1453"}],"wp:attachment":[{"href":"https:\/\/mosfresh.ro\/hu\/wp-json\/wp\/v2\/media?parent=1062"}],"wp:term":[{"taxonomy":"product_brand","embeddable":true,"href":"https:\/\/mosfresh.ro\/hu\/wp-json\/wp\/v2\/product_brand?post=1062"},{"taxonomy":"product_cat","embeddable":true,"href":"https:\/\/mosfresh.ro\/hu\/wp-json\/wp\/v2\/product_cat?post=1062"},{"taxonomy":"product_tag","embeddable":true,"href":"https:\/\/mosfresh.ro\/hu\/wp-json\/wp\/v2\/product_tag?post=1062"}],"curies":[{"name":"wp","href":"https:\/\/api.w.org\/{rel}","templated":true}]}}