{"id":1063,"date":"2024-09-03T18:31:53","date_gmt":"2024-09-03T18:31:53","guid":{"rendered":"https:\/\/mosfresh.ro\/?post_type=product&#038;p=1063"},"modified":"2026-03-17T11:19:27","modified_gmt":"2026-03-17T11:19:27","slug":"barack-250-ml","status":"publish","type":"product","link":"https:\/\/mosfresh.ro\/hu\/product\/barack-250-ml\/","title":{"rendered":"\u0150SZIBARACK &#8211; ALMA (250ml) &#8211; 100% nat\u00far gy\u00fcm\u00f6lcsl\u00e9, hidegen pr\u00e9selt"},"content":{"rendered":"<div class=\"page\" title=\"Page 20\">\n<div class=\"section\">\n<div class=\"layoutArea\">\n<div class=\"column\">\n<p>\u0150szibarack-alma gy\u00fcm\u00f6lcslev\u00fcnk hidegen pr\u00e9sel\u00e9ssel k\u00e9sz\u00fcl, gondosan v\u00e1logatott gy\u00fcm\u00f6lcs\u00f6kb\u0151l, hozz\u00e1adott v\u00edz, cukor \u00e9s adal\u00e9kanyagok n\u00e9lk\u00fcl. A barack \u00e9s az alma harmonikus ar\u00e1nya l\u00e1gyan \u00e9des, kellemesen gy\u00fcm\u00f6lcs\u00f6s \u00edzvil\u00e1got eredm\u00e9nyez.<\/p>\n<p>Az \u0151szibarack term\u00e9szetes m\u00f3don magas, k\u00f6r\u00fclbel\u00fcl 85\u201390%-os v\u00edztartalma miatt k\u00fcl\u00f6n\u00f6sen a ny\u00e1ri melegben j\u00e1rul hozz\u00e1 a szervezet megfelel\u0151 hidrat\u00e1l\u00e1s\u00e1hoz. Az \u0151szibarackban tal\u00e1lhat\u00f3 k\u00e1lium \u00e9s n\u00e1trium ar\u00e1nya kedvez\u0151en hat a sz\u00edv- \u00e9s \u00e9rrendszer m\u0171k\u00f6d\u00e9s\u00e9re, seg\u00edthet a v\u00e9rnyom\u00e1s cs\u00f6kkent\u00e9s\u00e9ben, \u00e9s t\u00e1mogatja az \u00e9rrendszer eg\u00e9szs\u00e9g\u00e9t. Jelent\u0151s C-vitamin-tartalma, valamint B-vitamin- \u00e9s biotintartalma hozz\u00e1j\u00e1rulhat a b\u0151r \u00e9s a haj eg\u00e9szs\u00e9g\u00e9nek meg\u0151rz\u00e9s\u00e9hez. Magas rosttartalm\u00e1nak k\u00f6sz\u00f6nhet\u0151en az em\u00e9szt\u00e9st is seg\u00edti.<br \/>\nAz almale\u0301 fogyaszta\u0301sa kedvezo\u030ben hat a belek e\u0301s a ma\u0301j mu\u030bko\u0308de\u0301se\u0301re, e\u0301s segi\u0301t a szervezet me\u0301regteleni\u0301te\u0301se\u0301ben, mely a\u0301ltal tehermentesi\u0301ti a vese\u0301t, cso\u0308kkenti a veseko\u030b- e\u0301s hu\u0301gysavke\u0301pzo\u030bde\u0301st.<\/p>\n<p>A term\u00e9k nem tartalmaz hozz\u00e1adott cukrot, tart\u00f3s\u00edt\u00f3szert, sz\u00ednez\u00e9ket vagy \u00edzfokoz\u00f3t, Paszt\u00f6riz\u00e1l\u00e1ssal tart\u00f3s\u00edtott, amely biztos\u00edtja a min\u0151s\u00e9g, a frissess\u00e9g \u00e9s a t\u00e1p\u00e9rt\u00e9k meg\u0151rz\u00e9s\u00e9t. Ide\u00e1lis v\u00e1laszt\u00e1s gyermekek \u00e9s feln\u0151ttek sz\u00e1m\u00e1ra egyar\u00e1nt.<\/p>\n<p><strong>\u00d6sszetev\u0151k: 30% \u0151szibarack, 70% alma<\/strong><br \/>\n<strong>Kiszerel\u00e9s: 250 ml<\/strong><br \/>\n<strong>Csomagol\u00e1s: \u00fcveg<\/strong><\/p>\n<\/div>\n<\/div>\n<\/div>\n<\/div>\n","protected":false},"excerpt":{"rendered":"<p>\u0150szibarack-alma gy\u00fcm\u00f6lcslev\u00fcnk hidegen pr\u00e9sel\u00e9ssel k\u00e9sz\u00fcl, gondosan v\u00e1logatott gy\u00fcm\u00f6lcs\u00f6kb\u0151l, hozz\u00e1adott v\u00edz, cukor \u00e9s adal\u00e9kanyagok n\u00e9lk\u00fcl. A barack \u00e9s az alma harmonikus ar\u00e1nya l\u00e1gyan \u00e9des, kellemesen gy\u00fcm\u00f6lcs\u00f6s \u00edzvil\u00e1got eredm\u00e9nyez.<\/p>\n<p>Az \u0151szibarack term\u00e9szetes m\u00f3don magas, k\u00f6r\u00fclbel\u00fcl 85\u201390%-os v\u00edztartalma miatt k\u00fcl\u00f6n\u00f6sen a ny\u00e1ri melegben j\u00e1rul hozz\u00e1 a szervezet megfelel\u0151 hidrat\u00e1l\u00e1s\u00e1hoz.<\/p>\n","protected":false},"featured_media":1462,"comment_status":"open","ping_status":"closed","template":"","meta":{"_et_pb_use_builder":"","_et_pb_old_content":"","_et_gb_content_width":""},"product_brand":[],"product_cat":[26,25],"product_tag":[],"class_list":{"0":"post-1063","1":"product","2":"type-product","3":"status-publish","4":"has-post-thumbnail","6":"product_cat-gyumolcsle-250ml","7":"product_cat-hidegen-preselt-gyumolcsle","9":"first","10":"instock","11":"shipping-taxable","12":"purchasable","13":"product-type-simple"},"_links":{"self":[{"href":"https:\/\/mosfresh.ro\/hu\/wp-json\/wp\/v2\/product\/1063","targetHints":{"allow":["GET"]}}],"collection":[{"href":"https:\/\/mosfresh.ro\/hu\/wp-json\/wp\/v2\/product"}],"about":[{"href":"https:\/\/mosfresh.ro\/hu\/wp-json\/wp\/v2\/types\/product"}],"replies":[{"embeddable":true,"href":"https:\/\/mosfresh.ro\/hu\/wp-json\/wp\/v2\/comments?post=1063"}],"wp:featuredmedia":[{"embeddable":true,"href":"https:\/\/mosfresh.ro\/hu\/wp-json\/wp\/v2\/media\/1462"}],"wp:attachment":[{"href":"https:\/\/mosfresh.ro\/hu\/wp-json\/wp\/v2\/media?parent=1063"}],"wp:term":[{"taxonomy":"product_brand","embeddable":true,"href":"https:\/\/mosfresh.ro\/hu\/wp-json\/wp\/v2\/product_brand?post=1063"},{"taxonomy":"product_cat","embeddable":true,"href":"https:\/\/mosfresh.ro\/hu\/wp-json\/wp\/v2\/product_cat?post=1063"},{"taxonomy":"product_tag","embeddable":true,"href":"https:\/\/mosfresh.ro\/hu\/wp-json\/wp\/v2\/product_tag?post=1063"}],"curies":[{"name":"wp","href":"https:\/\/api.w.org\/{rel}","templated":true}]}}