{"id":1064,"date":"2024-09-03T18:33:07","date_gmt":"2024-09-03T18:33:07","guid":{"rendered":"https:\/\/mosfresh.ro\/?post_type=product&#038;p=1064"},"modified":"2026-03-17T11:19:22","modified_gmt":"2026-03-17T11:19:22","slug":"vilmos-korte-250-ml","status":"publish","type":"product","link":"https:\/\/mosfresh.ro\/hu\/product\/vilmos-korte-250-ml\/","title":{"rendered":"VILMOSK\u00d6RTE-ALMA (250ml) &#8211; 100% nat\u00far gy\u00fcm\u00f6lcsl\u00e9, hidegen pr\u00e9selt"},"content":{"rendered":"<div class=\"page\" title=\"Page 18\">\n<div class=\"section\">\n<div class=\"layoutArea\">\n<div class=\"column\">\n<p>Vilmosk\u00f6rte-alma gy\u00fcm\u00f6lcslev\u00fcnk hidegen pr\u00e9sel\u00e9ssel k\u00e9sz\u00fcl, gondosan v\u00e1logatott gy\u00fcm\u00f6lcs\u00f6kb\u0151l, hozz\u00e1adott v\u00edz, cukor \u00e9s adal\u00e9kanyagok n\u00e9lk\u00fcl. A vilmosk\u00f6rte \u00e9s az alma harmonikus ar\u00e1nya l\u00e1gyan \u00e9des, kellemesen gy\u00fcm\u00f6lcs\u00f6s \u00edzvil\u00e1got eredm\u00e9nyez, amelyet a k\u00f6rte jellegzetes arom\u00e1ja tesz k\u00fcl\u00f6nlegess\u00e9.<\/p>\n<p>A vilmosk\u00f6rte term\u00e9szetes m\u00f3don gazdag rostokban, amelyek t\u00e1mogatj\u00e1k az em\u00e9szt\u00e9st \u00e9s hozz\u00e1j\u00e1rulnak a j\u00f3 k\u00f6z\u00e9rzethez. Az alma C-vitamin tartalma seg\u00edti a szervezet kiegyens\u00falyozott m\u0171k\u00f6d\u00e9s\u00e9t \u00e9s a mindennapi energiaszint fenntart\u00e1s\u00e1t.<br \/>\nAz almale\u0301 fogyaszta\u0301sa kedvezo\u030ben hat a belek e\u0301s a ma\u0301j mu\u030bko\u0308de\u0301se\u0301re, e\u0301s segi\u0301t a szervezet me\u0301regteleni\u0301te\u0301se\u0301ben, mely a\u0301ltal tehermentesi\u0301ti a vese\u0301t, cso\u0308kkenti a veseko\u030b- e\u0301s hu\u0301gysavke\u0301pzo\u030bde\u0301st.<br \/>\nA ko\u0308rte\u0301ben tala\u0301lhato\u0301 C e\u0301s K vitamin, ka\u0301lium, ka\u0301lcium, vas, magne\u0301zium, riboflavin, folsav e\u0301s B-6 vitamin. Mivel magas a rosttartalma, i\u0301gy segi\u0301ti a be\u0301lmozga\u0301st, cso\u0308kkenti a gyomorterhele\u0301st e\u0301s a be\u0301lgyullada\u0301st is. A megno\u0308vekedett rostbevitel hata\u0301sa\u0301ra cso\u0308kken a ve\u0301rnyoma\u0301s e\u0301s a koleszterinszint is.<\/p>\n<p>A term\u00e9k nem tartalmaz hozz\u00e1adott cukrot, tart\u00f3s\u00edt\u00f3szert, sz\u00ednez\u00e9ket vagy \u00edzfokoz\u00f3t, Paszt\u00f6riz\u00e1l\u00e1ssal tart\u00f3s\u00edtott, amely biztos\u00edtja a min\u0151s\u00e9g, a frissess\u00e9g \u00e9s a t\u00e1p\u00e9rt\u00e9k meg\u0151rz\u00e9s\u00e9t. Ide\u00e1lis v\u00e1laszt\u00e1s gyermekek \u00e9s feln\u0151ttek sz\u00e1m\u00e1ra egyar\u00e1nt.<\/p>\n<p><strong>\u00d6sszetev\u0151k: 30% vilmosk\u00f6rte, 70% alma<\/strong><br \/>\n<strong>Kiszerel\u00e9s: 250 ml<\/strong><br \/>\n<strong>Csomagol\u00e1s: \u00fcveg<\/strong><\/p>\n<\/div>\n<\/div>\n<\/div>\n<\/div>\n","protected":false},"excerpt":{"rendered":"<p>Vilmosk\u00f6rte-alma gy\u00fcm\u00f6lcslev\u00fcnk hidegen pr\u00e9sel\u00e9ssel k\u00e9sz\u00fcl, gondosan v\u00e1logatott gy\u00fcm\u00f6lcs\u00f6kb\u0151l, hozz\u00e1adott v\u00edz, cukor \u00e9s adal\u00e9kanyagok n\u00e9lk\u00fcl. A vilmosk\u00f6rte \u00e9s az alma harmonikus ar\u00e1nya l\u00e1gyan \u00e9des, kellemesen gy\u00fcm\u00f6lcs\u00f6s \u00edzvil\u00e1got eredm\u00e9nyez, amelyet a k\u00f6rte jellegzetes arom\u00e1ja tesz k\u00fcl\u00f6nlegess\u00e9.<br \/>\nA vilmosk\u00f6rte term\u00e9szetes m\u00f3don gazdag rostokban, amelyek t\u00e1mogatj\u00e1k az em\u00e9szt\u00e9st \u00e9s hozz\u00e1j\u00e1rulnak a j\u00f3 k\u00f6z\u00e9rzethez. Az alma C-vitamin tartalma seg\u00edti a szervezet kiegyens\u00falyozott m\u0171k\u00f6d\u00e9s\u00e9t \u00e9s a mindennapi energiaszint fenntart\u00e1s\u00e1t.<\/p>\n","protected":false},"featured_media":1456,"comment_status":"open","ping_status":"closed","template":"","meta":{"_et_pb_use_builder":"","_et_pb_old_content":"","_et_gb_content_width":""},"product_brand":[],"product_cat":[26,25],"product_tag":[],"class_list":{"0":"post-1064","1":"product","2":"type-product","3":"status-publish","4":"has-post-thumbnail","6":"product_cat-gyumolcsle-250ml","7":"product_cat-hidegen-preselt-gyumolcsle","9":"first","10":"instock","11":"shipping-taxable","12":"purchasable","13":"product-type-simple"},"_links":{"self":[{"href":"https:\/\/mosfresh.ro\/hu\/wp-json\/wp\/v2\/product\/1064","targetHints":{"allow":["GET"]}}],"collection":[{"href":"https:\/\/mosfresh.ro\/hu\/wp-json\/wp\/v2\/product"}],"about":[{"href":"https:\/\/mosfresh.ro\/hu\/wp-json\/wp\/v2\/types\/product"}],"replies":[{"embeddable":true,"href":"https:\/\/mosfresh.ro\/hu\/wp-json\/wp\/v2\/comments?post=1064"}],"wp:featuredmedia":[{"embeddable":true,"href":"https:\/\/mosfresh.ro\/hu\/wp-json\/wp\/v2\/media\/1456"}],"wp:attachment":[{"href":"https:\/\/mosfresh.ro\/hu\/wp-json\/wp\/v2\/media?parent=1064"}],"wp:term":[{"taxonomy":"product_brand","embeddable":true,"href":"https:\/\/mosfresh.ro\/hu\/wp-json\/wp\/v2\/product_brand?post=1064"},{"taxonomy":"product_cat","embeddable":true,"href":"https:\/\/mosfresh.ro\/hu\/wp-json\/wp\/v2\/product_cat?post=1064"},{"taxonomy":"product_tag","embeddable":true,"href":"https:\/\/mosfresh.ro\/hu\/wp-json\/wp\/v2\/product_tag?post=1064"}],"curies":[{"name":"wp","href":"https:\/\/api.w.org\/{rel}","templated":true}]}}