{"id":1065,"date":"2024-09-03T18:33:47","date_gmt":"2024-09-03T18:33:47","guid":{"rendered":"https:\/\/mosfresh.ro\/?post_type=product&#038;p=1065"},"modified":"2026-03-17T11:19:23","modified_gmt":"2026-03-17T11:19:23","slug":"afonya-250-ml","status":"publish","type":"product","link":"https:\/\/mosfresh.ro\/hu\/product\/afonya-250-ml\/","title":{"rendered":"\u00c1FONYA-ALMA (250ml) &#8211; 100% nat\u00far gy\u00fcm\u00f6lcsl\u00e9, hidegen pr\u00e9selt"},"content":{"rendered":"<p>[et_pb_section fb_built=&#8221;1&#8243; _builder_version=&#8221;4.16&#8243; custom_padding=&#8221;0px||||false|false&#8221; global_colors_info=&#8221;{}&#8221;][et_pb_row _builder_version=&#8221;4.16&#8243; background_size=&#8221;initial&#8221; background_position=&#8221;top_left&#8221; background_repeat=&#8221;repeat&#8221; width=&#8221;100%&#8221; custom_padding=&#8221;0px||0px||false|false&#8221; global_colors_info=&#8221;{}&#8221;][et_pb_column type=&#8221;4_4&#8243; _builder_version=&#8221;4.16&#8243; custom_padding=&#8221;|||&#8221; global_colors_info=&#8221;{}&#8221; custom_padding__hover=&#8221;|||&#8221;][et_pb_wc_breadcrumb _builder_version=&#8221;4.27.5&#8243; body_font=&#8221;Sora||||||||&#8221; body_text_color=&#8221;#000000&#8243; body_font_size=&#8221;12px&#8221; global_colors_info=&#8221;{}&#8221;][\/et_pb_wc_breadcrumb][et_pb_wc_cart_notice _builder_version=&#8221;4.27.5&#8243; title_font=&#8221;Sora||||||||&#8221; background_color=&#8221;#a1d86e&#8221; custom_button=&#8221;on&#8221; button_text_size=&#8221;16px&#8221; button_text_color=&#8221;#000000&#8243; button_font=&#8221;|700||on|||||&#8221; border_radii=&#8221;on|16px|16px|16px|16px&#8221; global_colors_info=&#8221;{}&#8221;][\/et_pb_wc_cart_notice][\/et_pb_column][\/et_pb_row][et_pb_row column_structure=&#8221;1_2,1_2&#8243; _builder_version=&#8221;4.16&#8243; background_size=&#8221;initial&#8221; background_position=&#8221;top_left&#8221; background_repeat=&#8221;repeat&#8221; width=&#8221;100%&#8221; custom_padding=&#8221;0px||||false|false&#8221; global_colors_info=&#8221;{}&#8221;][et_pb_column type=&#8221;1_2&#8243; _builder_version=&#8221;4.16&#8243; custom_padding=&#8221;|||&#8221; global_colors_info=&#8221;{}&#8221; custom_padding__hover=&#8221;|||&#8221;][et_pb_wc_images _builder_version=&#8221;4.27.5&#8243; border_radii_image=&#8221;on|16px|16px|16px|16px&#8221; global_colors_info=&#8221;{}&#8221;][\/et_pb_wc_images][\/et_pb_column][et_pb_column type=&#8221;1_2&#8243; _builder_version=&#8221;4.16&#8243; custom_padding=&#8221;|||&#8221; global_colors_info=&#8221;{}&#8221; custom_padding__hover=&#8221;|||&#8221;][et_pb_wc_title _builder_version=&#8221;4.27.5&#8243; header_font=&#8221;Sora|800|||||||&#8221; header_text_color=&#8221;#347a4b&#8221; header_font_size=&#8221;26px&#8221; header_font_size_tablet=&#8221;26px&#8221; header_font_size_phone=&#8221;22px&#8221; header_font_size_last_edited=&#8221;on|phone&#8221; global_colors_info=&#8221;{}&#8221;][\/et_pb_wc_title][et_pb_wc_price _builder_version=&#8221;4.27.5&#8243; body_font=&#8221;Montserrat|800|||||||&#8221; body_text_color=&#8221;#000000&#8243; global_colors_info=&#8221;{}&#8221;][\/et_pb_wc_price][et_pb_wc_description _builder_version=&#8221;4.27.5&#8243; body_font=&#8221;Sora|300|||||||&#8221; body_font_size=&#8221;16px&#8221; global_colors_info=&#8221;{}&#8221;][\/et_pb_wc_description][et_pb_wc_add_to_cart _builder_version=&#8221;4.27.5&#8243; fields_font=&#8221;Sora|700|||||||&#8221; fields_font_size=&#8221;19px&#8221; custom_button=&#8221;on&#8221; button_text_color=&#8221;#FFFFFF&#8221; button_bg_color=&#8221;#93d852&#8243; button_font=&#8221;Montserrat|800|||||||&#8221; global_colors_info=&#8221;{}&#8221;][\/et_pb_wc_add_to_cart][et_pb_wc_meta _builder_version=&#8221;4.16&#8243; global_colors_info=&#8221;{}&#8221;][\/et_pb_wc_meta][\/et_pb_column][\/et_pb_row][et_pb_row _builder_version=&#8221;4.16&#8243; background_size=&#8221;initial&#8221; background_position=&#8221;top_left&#8221; background_repeat=&#8221;repeat&#8221; width=&#8221;100%&#8221; global_colors_info=&#8221;{}&#8221;][et_pb_column type=&#8221;4_4&#8243; _builder_version=&#8221;4.16&#8243; custom_padding=&#8221;|||&#8221; global_colors_info=&#8221;{}&#8221; custom_padding__hover=&#8221;|||&#8221;][et_pb_wc_tabs active_tab_background_color=&#8221;#FFFFFF&#8221; inactive_tab_background_color=&#8221;#a5d875&#8243; _builder_version=&#8221;4.27.5&#8243; body_font=&#8221;Sora|300|||||||&#8221; body_font_size=&#8221;16px&#8221; tab_font=&#8221;Montserrat|700||on|||||&#8221; border_radii=&#8221;on|22px|22px|22px|22px&#8221; global_colors_info=&#8221;{}&#8221;] [\/et_pb_wc_tabs][et_pb_wc_upsells _builder_version=&#8221;4.16&#8243; global_colors_info=&#8221;{}&#8221;][\/et_pb_wc_upsells][\/et_pb_column][\/et_pb_row][et_pb_row _builder_version=&#8221;4.27.5&#8243; _module_preset=&#8221;default&#8221; width=&#8221;100%&#8221; global_colors_info=&#8221;{}&#8221;][et_pb_column type=&#8221;4_4&#8243; _builder_version=&#8221;4.27.5&#8243; _module_preset=&#8221;default&#8221; global_colors_info=&#8221;{}&#8221;][et_pb_wc_related_products posts_number=&#8221;4&#8243; columns_number=&#8221;4&#8243; include_categories=&#8221;all&#8221; show_rating=&#8221;off&#8221; _builder_version=&#8221;4.27.5&#8243; _module_preset=&#8221;default&#8221; title_font=&#8221;Montserrat|800|||||||&#8221; title_text_color=&#8221;#0C71C3&#8243; product_title_font=&#8221;Sora|800|||||||&#8221; product_title_text_color=&#8221;#3e8c12&#8243; product_title_font_size=&#8221;18px&#8221; price_font=&#8221;Montserrat|800|||||||&#8221; price_text_color=&#8221;#000000&#8243; price_font_size=&#8221;19px&#8221; price_line_height=&#8221;1em&#8221; product_title_font_size_tablet=&#8221;18px&#8221; product_title_font_size_phone=&#8221;13px&#8221; product_title_font_size_last_edited=&#8221;on|phone&#8221; border_radii_image=&#8221;on|26px|26px|26px|26px&#8221; border_color_all_image=&#8221;RGBA(255,255,255,0)&#8221; global_colors_info=&#8221;{}&#8221;][\/et_pb_wc_related_products][\/et_pb_column][\/et_pb_row][\/et_pb_section]<\/p>\n","protected":false},"excerpt":{"rendered":"<p>\u00c1fonya-alma gy\u00fcm\u00f6lcslev\u00fcnk hidegen pr\u00e9sel\u00e9ssel k\u00e9sz\u00fcl, gondosan v\u00e1logatott gy\u00fcm\u00f6lcs\u00f6kb\u0151l, hozz\u00e1adott v\u00edz, cukor \u00e9s adal\u00e9kanyagok n\u00e9lk\u00fcl. Az \u00e1fonya \u00e9s az alma harmonikus ar\u00e1nya friss\u00edt\u0151, enyh\u00e9n savanyk\u00e1s \u00edzvil\u00e1got eredm\u00e9nyez, mik\u00f6zben meg\u0151rzi a gy\u00fcm\u00f6lcs\u00f6k term\u00e9szetes t\u00e1panyagtartalm\u00e1t.<\/p>\n<p>Az \u00e1fonya kiemelked\u0151en gazdag antioxid\u00e1nsokban, amelyek hozz\u00e1j\u00e1rulnak a sejtek v\u00e9delm\u00e9hez \u00e9s a szervezet term\u00e9szetes v\u00e9dekez\u0151k\u00e9pess\u00e9g\u00e9nek t\u00e1mogat\u00e1s\u00e1hoz. Az alma term\u00e9szetes C-vitamin- \u00e9s rosttartalma seg\u00edti az em\u00e9szt\u00e9st \u00e9s a mindennapi energiaszint fenntart\u00e1s\u00e1t.<\/p>\n","protected":false},"featured_media":1437,"comment_status":"open","ping_status":"closed","template":"","meta":{"_et_pb_use_builder":"on","_et_pb_old_content":"<div class=\"page\" title=\"Page 32\">\r\n<div class=\"section\">\r\n<div class=\"layoutArea\">\r\n<div class=\"column\">\r\n\r\n\u00c1fonya-alma gy\u00fcm\u00f6lcslev\u00fcnk hidegen pr\u00e9sel\u00e9ssel k\u00e9sz\u00fcl, gondosan v\u00e1logatott gy\u00fcm\u00f6lcs\u00f6kb\u0151l, hozz\u00e1adott v\u00edz, cukor \u00e9s adal\u00e9kanyagok n\u00e9lk\u00fcl. Az \u00e1fonya \u00e9s az alma harmonikus ar\u00e1nya friss\u00edt\u0151, enyh\u00e9n savanyk\u00e1s \u00edzvil\u00e1got eredm\u00e9nyez, mik\u00f6zben meg\u0151rzi a gy\u00fcm\u00f6lcs\u00f6k term\u00e9szetes t\u00e1panyagtartalm\u00e1t.\r\n\r\nAz \u00e1fonya kiemelked\u0151en gazdag antioxid\u00e1nsokban, amelyek hozz\u00e1j\u00e1rulnak a sejtek v\u00e9delm\u00e9hez \u00e9s a szervezet term\u00e9szetes v\u00e9dekez\u0151k\u00e9pess\u00e9g\u00e9nek t\u00e1mogat\u00e1s\u00e1hoz. Az alma term\u00e9szetes C-vitamin- \u00e9s rosttartalma seg\u00edti az em\u00e9szt\u00e9st \u00e9s a mindennapi energiaszint fenntart\u00e1s\u00e1t.\r\nAz a\u0301fonya a\u0301sva\u0301nyi anyagokban, kalciumban, ka\u0301liumban, na\u0301triumban, vasban, valamint foszforban gazdag. Rendszeres fogyaszta\u0301sa kimutathato\u0301an javi\u0301tja a ve\u0301rzsi\u0301rok egyensu\u0301lya\u0301t, vagyis cso\u0308kkenti a teljes koleszterinszintje\u0301t. Nem csak a memo\u0301ria fejleszte\u0301se\u0301re hasznos, de ke\u0301pes lassi\u0301tani vagy ke\u0301sleltetni az o\u0308regede\u0301ssel gyakran egyu\u0308tt ja\u0301ro\u0301 kogniti\u0301v proble\u0301ma\u0301k kialakula\u0301sa\u0301t is. A fekete a\u0301fonya me\u0301g kiva\u0301lo\u0301 a szemre, mivel cso\u0308kkenti a szu\u0308rkeha\u0301lyog kocka\u0301zata\u0301t, de emellett ta\u0301mogatja a szi\u0301vmu\u030bko\u0308de\u0301st is, ferto\u030btleni\u0301to\u030b e\u0301s bakte\u0301riumo\u0308lo\u030b hata\u0301sa re\u0301ve\u0301n a hu\u0301gyu\u0301ti ferto\u030bze\u0301sek kezele\u0301se\u0301ben is hate\u0301kony.\r\nAz almale\u0301 fogyaszta\u0301sa kedvezo\u030ben hat a belek e\u0301s a ma\u0301j mu\u030bko\u0308de\u0301se\u0301re, e\u0301s segi\u0301t a szervezet me\u0301regteleni\u0301te\u0301se\u0301ben, mely a\u0301ltal tehermentesi\u0301ti a vese\u0301t, cso\u0308kkenti a veseko\u030b- e\u0301s hu\u0301gysavke\u0301pzo\u030bde\u0301st.\r\n\r\nA term\u00e9k paszt\u00f6riz\u00e1l\u00e1ssal tart\u00f3s\u00edtott, amely biztos\u00edtja a min\u0151s\u00e9g, a frissess\u00e9g \u00e9s a t\u00e1p\u00e9rt\u00e9k meg\u0151rz\u00e9s\u00e9t. Friss\u00edt\u0151 italk\u00e9nt, reggeli mell\u00e9 vagy \u00e9tkez\u00e9sek k\u00f6z\u00f6tt fogyasztva term\u00e9szetes m\u00f3don j\u00e1rul hozz\u00e1 a napi folyad\u00e9k- \u00e9s t\u00e1panyagbevitelhez.\r\n\r\n\u00d6sszetev\u0151k: 35% \u00e1fonya, 65% alma\r\nKiszerel\u00e9s: 250 ml\r\nCsomagol\u00e1s: \u00fcveg\r\n\r\n<\/div>\r\n<\/div>\r\n<\/div>\r\n<\/div>","_et_gb_content_width":""},"product_brand":[],"product_cat":[26,25],"product_tag":[27],"class_list":{"0":"post-1065","1":"product","2":"type-product","3":"status-publish","4":"has-post-thumbnail","6":"product_cat-gyumolcsle-250ml","7":"product_cat-hidegen-preselt-gyumolcsle","8":"product_tag-afonya","10":"first","11":"instock","12":"shipping-taxable","13":"purchasable","14":"product-type-simple"},"_links":{"self":[{"href":"https:\/\/mosfresh.ro\/hu\/wp-json\/wp\/v2\/product\/1065","targetHints":{"allow":["GET"]}}],"collection":[{"href":"https:\/\/mosfresh.ro\/hu\/wp-json\/wp\/v2\/product"}],"about":[{"href":"https:\/\/mosfresh.ro\/hu\/wp-json\/wp\/v2\/types\/product"}],"replies":[{"embeddable":true,"href":"https:\/\/mosfresh.ro\/hu\/wp-json\/wp\/v2\/comments?post=1065"}],"wp:featuredmedia":[{"embeddable":true,"href":"https:\/\/mosfresh.ro\/hu\/wp-json\/wp\/v2\/media\/1437"}],"wp:attachment":[{"href":"https:\/\/mosfresh.ro\/hu\/wp-json\/wp\/v2\/media?parent=1065"}],"wp:term":[{"taxonomy":"product_brand","embeddable":true,"href":"https:\/\/mosfresh.ro\/hu\/wp-json\/wp\/v2\/product_brand?post=1065"},{"taxonomy":"product_cat","embeddable":true,"href":"https:\/\/mosfresh.ro\/hu\/wp-json\/wp\/v2\/product_cat?post=1065"},{"taxonomy":"product_tag","embeddable":true,"href":"https:\/\/mosfresh.ro\/hu\/wp-json\/wp\/v2\/product_tag?post=1065"}],"curies":[{"name":"wp","href":"https:\/\/api.w.org\/{rel}","templated":true}]}}