{"id":1059,"date":"2024-09-03T18:27:56","date_gmt":"2024-09-03T18:27:56","guid":{"rendered":"https:\/\/mosfresh.ro\/?post_type=product&#038;p=1059"},"modified":"2026-02-20T06:12:35","modified_gmt":"2026-02-20T06:12:35","slug":"cekla","status":"publish","type":"product","link":"https:\/\/mosfresh.ro\/ro\/product\/cekla\/","title":{"rendered":"SFECL\u0102 + (3 litri) - suc 100% natural de sfecl\u0103 ro\u0219ie \u0219i mere, presat la rece"},"content":{"rendered":"<p>Sucul Sfecl\u0103 + este un suc natural concentrat de sfecl\u0103 ro\u0219ie \u0219i mere, ob\u021binut prin presare la rece, exclusiv din ingrediente atent selec\u021bionate, f\u0103r\u0103 adaos de ap\u0103, zah\u0103r sau aditivi. Este singurul produs din gama noastr\u0103 \u00een care sfecla ro\u0219ie are rolul principal, reprezent\u00e2nd 80% din compozi\u021bie, ceea ce \u00eel face o alegere ideal\u0103 pentru cei care caut\u0103 un suc vegetal intens \u0219i autentic.<\/p>\n<p>Con\u021binutul ridicat de sfecl\u0103 ro\u0219ie ofer\u0103 o culoare profund\u0103 \u0219i un gust caracteristic, u\u0219or dulceag, completat de mere, care echilibreaz\u0103 aroma \u0219i adaug\u0103 prospe\u021bime natural\u0103. Datorit\u0103 acestei compozi\u021bii, sucul este apreciat \u00een special de persoanele active \u0219i de cei care includ \u00een mod regulat sucuri vegetale \u00een alimenta\u021bia lor.<\/p>\n<p>Sfecla ro\u0219ie con\u021bine vitaminele A, C \u0219i B6, precum \u0219i potasiu, magneziu \u0219i fier. Aceasta contribuie la \u00eembun\u0103t\u0103\u021birea circula\u021biei sanguine, poate ajuta la reducerea riscului apari\u021biei diferitelor tipuri de demen\u021b\u0103 \u0219i sus\u021bine men\u021binerea memoriei.<br \/>\nConsumarea sucului de mere are un efect benefic asupra func\u021bion\u0103rii intestinelor \u0219i a ficatului \u0219i sprijin\u0103 procesul de detoxifiere al organismului, reduc\u00e2nd astfel sarcina asupra rinichilor \u0219i diminu\u00e2nd formarea pietrelor la rinichi \u0219i a acidului uric.<br \/>\n\u00cen sfecl\u0103 se g\u0103sesc vitaminele A, C, B6, potasiu, magneziu \u0219i fier. \u00cembun\u0103t\u0103\u021be\u0219te circula\u021bia s\u00e2ngelui, poate reduce riscul apari\u021biei diferitelor tipuri de demen\u021b\u0103 \u0219i men\u021bine memoria ascu\u021bit\u0103. \u00cembun\u0103t\u0103\u021be\u0219te foarte bine for\u021ba fizic\u0103, performan\u021ba \u0219i rezisten\u021ba. \u00cent\u0103re\u0219te oasele \u0219i din\u021bii, sprijin\u0103 func\u021bionarea ficatului \u0219i procesele de detoxifiere. Reduce riscul de acumulare a gr\u0103simii hepatice. Are efecte benefice asupra pielii.<\/p>\n<p>Sucul nu con\u021bine zah\u0103r ad\u0103ugat, conservan\u021bi, coloran\u021bi sau poten\u021biatori de arom\u0103 Este pasteurizat, f\u0103r\u0103 a compromite calitatea sau valoarea nutri\u021bional\u0103. Datorit\u0103 formatului de 3 litri, este ideal pentru consum regulat, cure func\u021bionale sau utilizare \u00een familie.<\/p>\n<p><strong>Ingrediente: 80% sfecl\u0103 ro\u0219ie, 20% mere<\/strong><br \/>\n<strong>Volum: 3 litri<\/strong><br \/>\n<strong>Ambalaj: bag-in-box (sac \u00een cutie)<\/strong>)<\/p>","protected":false},"excerpt":{"rendered":"<p>Sucul nostru cu sfecl\u0103 ro\u0219ie dominant\u0103 \u2013 singurul produs \u00een care sfecla este ingredientul principal, combinat inteligent cu mere pentru a p\u0103stra dulcea\u021ba natural\u0103, dar a transmite eficient beneficiile vindec\u0103toare ale acestei plante minunate.<\/p>\n<p>\u00cen sfecl\u0103 se g\u0103sesc vitaminele A, C, B6, potasiu, magneziu \u0219i fier. \u00cembun\u0103t\u0103\u021be\u0219te circula\u021bia s\u00e2ngelui, poate reduce riscul apari\u021biei diferitelor tipuri de demen\u021b\u0103 \u0219i men\u021bine memoria ascu\u021bit\u0103. \u00cembun\u0103t\u0103\u021be\u0219te foarte bine for\u021ba fizic\u0103, performan\u021ba \u0219i rezisten\u021ba. \u00cent\u0103re\u0219te oasele \u0219i din\u021bii, sprijin\u0103 func\u021bionarea ficatului \u0219i procesele de detoxifiere. Reduce riscul de acumulare a gr\u0103simii hepatice. Are efecte benefice asupra pielii.<\/p>\n<p>Ingrediente: 80% sfecl\u0103 ro\u0219ie, 20% mere<\/p>","protected":false},"featured_media":986,"comment_status":"open","ping_status":"closed","template":"","meta":{"_et_pb_use_builder":"","_et_pb_old_content":"","_et_gb_content_width":""},"product_brand":[],"product_cat":[17],"product_tag":[],"class_list":{"0":"post-1059","1":"product","2":"type-product","3":"status-publish","4":"has-post-thumbnail","6":"product_cat-3l-bib","8":"first","9":"instock","10":"shipping-taxable","11":"purchasable","12":"product-type-simple"},"_links":{"self":[{"href":"https:\/\/mosfresh.ro\/ro\/wp-json\/wp\/v2\/product\/1059","targetHints":{"allow":["GET"]}}],"collection":[{"href":"https:\/\/mosfresh.ro\/ro\/wp-json\/wp\/v2\/product"}],"about":[{"href":"https:\/\/mosfresh.ro\/ro\/wp-json\/wp\/v2\/types\/product"}],"replies":[{"embeddable":true,"href":"https:\/\/mosfresh.ro\/ro\/wp-json\/wp\/v2\/comments?post=1059"}],"wp:featuredmedia":[{"embeddable":true,"href":"https:\/\/mosfresh.ro\/ro\/wp-json\/wp\/v2\/media\/986"}],"wp:attachment":[{"href":"https:\/\/mosfresh.ro\/ro\/wp-json\/wp\/v2\/media?parent=1059"}],"wp:term":[{"taxonomy":"product_brand","embeddable":true,"href":"https:\/\/mosfresh.ro\/ro\/wp-json\/wp\/v2\/product_brand?post=1059"},{"taxonomy":"product_cat","embeddable":true,"href":"https:\/\/mosfresh.ro\/ro\/wp-json\/wp\/v2\/product_cat?post=1059"},{"taxonomy":"product_tag","embeddable":true,"href":"https:\/\/mosfresh.ro\/ro\/wp-json\/wp\/v2\/product_tag?post=1059"}],"curies":[{"name":"wp","href":"https:\/\/api.w.org\/{rel}","templated":true}]}}