{"id":1061,"date":"2024-09-03T18:31:06","date_gmt":"2024-09-03T18:31:06","guid":{"rendered":"https:\/\/mosfresh.ro\/?post_type=product&#038;p=1061"},"modified":"2026-03-17T11:19:39","modified_gmt":"2026-03-17T11:19:39","slug":"alma-gyomber-250-ml","status":"publish","type":"product","link":"https:\/\/mosfresh.ro\/ro\/product\/alma-gyomber-250-ml\/","title":{"rendered":"GHIMBIR-MERE (250ml) - suc 100% natural, presat la rece"},"content":{"rendered":"<div class=\"page\" title=\"Page 8\">\n<div class=\"section\">\n<div class=\"layoutArea\">\n<div class=\"column\">\n<p>Sucul nostru natural de ghimbir \u0219i mere este ob\u021binut prin presare la rece, din ingrediente atent selec\u021bionate, f\u0103r\u0103 adaos de ap\u0103, zah\u0103r sau alte substan\u021be. Propor\u021bia echilibrat\u0103 de ghimbir confer\u0103 un gust r\u0103coritor, u\u0219or picant, care stimuleaz\u0103 natural sim\u021burile, complet\u00e2nd dulcea\u021ba merelor.<\/p>\n<p>Ghimbirul este recunoscut pentru efectul s\u0103u revigorant \u0219i pentru sus\u021binerea digestiei, iar merele, prin con\u021binutul natural de vitamina C \u0219i fibre, contribuie la func\u021bionarea echilibrat\u0103 a organismului \u0219i la men\u021binerea nivelului de energie zilnic.<br \/>\nConsumarea sucului de mere are un efect benefic asupra func\u021bion\u0103rii intestinelor \u0219i a ficatului \u0219i sprijin\u0103 procesul de detoxifiere al organismului, reduc\u00e2nd astfel sarcina asupra rinichilor \u0219i diminu\u00e2nd formarea pietrelor la rinichi \u0219i a acidului uric.<br \/>\nUnul dintre cele mai populare sucuri ale noastre, consumat de tineri, v\u00e2rstnici \u0219i gurmanzi deopotriv\u0103, datorit\u0103 gustului s\u0103u special de ghimbir \u0219i efectelor sale benefice asupra s\u0103n\u0103t\u0103\u021bii. La fel ca merele, ghimbirul contribuie la func\u021bionarea s\u0103n\u0103toas\u0103 a sistemului digestiv \u0219i joac\u0103 un rol important \u00een ameliorarea inflama\u021biilor, durerilor, gre\u021burilor, febrei \u0219i tusei. Substan\u021bele sale active ofer\u0103 protec\u021bie \u00eempotriva virusurilor \u0219i bacteriilor \u0219i ajut\u0103 la men\u021binerea nivelului normal al glicemiei.<\/p>\n<p>Produsul nu con\u021bine zah\u0103r ad\u0103ugat, conservan\u021bi, coloran\u021bi sau arome artificiale. Este pasteurizat pentru a asigura p\u0103strarea calit\u0103\u021bii, prospe\u021bimii \u0219i valorii nutritive. Este o alegere ideal\u0103 pentru a \u00eencepe o zi activ\u0103 sau ca b\u0103utur\u0103 r\u0103coritoare \u00eentre mese.<\/p>\n<p><strong>Ingrediente: 90% m\u0103r, 10% ghimbir<\/strong><br \/>\n<strong>Cantitate: 250 ml<\/strong><br \/>\n<strong>Ambalaj: sticl\u0103<\/strong><\/p>\n<\/div>\n<\/div>\n<\/div>\n<\/div>","protected":false},"excerpt":{"rendered":"<p>Sucul nostru natural de ghimbir \u0219i mere este ob\u021binut prin presare la rece, din ingrediente atent selec\u021bionate, f\u0103r\u0103 adaos de ap\u0103, zah\u0103r sau alte substan\u021be. Propor\u021bia echilibrat\u0103 de ghimbir confer\u0103 un gust r\u0103coritor, u\u0219or picant, care stimuleaz\u0103 natural sim\u021burile, complet\u00e2nd dulcea\u021ba merelor.<\/p>\n<p>Ghimbirul este recunoscut pentru efectul s\u0103u revigorant \u0219i pentru sus\u021binerea digestiei, iar merele, prin con\u021binutul natural de vitamina C \u0219i fibre, contribuie la func\u021bionarea echilibrat\u0103 a organismului \u0219i la men\u021binerea nivelului de energie zilnic.<\/p>","protected":false},"featured_media":1468,"comment_status":"open","ping_status":"closed","template":"","meta":{"_et_pb_use_builder":"","_et_pb_old_content":"","_et_gb_content_width":""},"product_brand":[],"product_cat":[26,25],"product_tag":[],"class_list":{"0":"post-1061","1":"product","2":"type-product","3":"status-publish","4":"has-post-thumbnail","6":"product_cat-gyumolcsle-250ml","7":"product_cat-hidegen-preselt-gyumolcsle","9":"first","10":"instock","11":"shipping-taxable","12":"purchasable","13":"product-type-simple"},"_links":{"self":[{"href":"https:\/\/mosfresh.ro\/ro\/wp-json\/wp\/v2\/product\/1061","targetHints":{"allow":["GET"]}}],"collection":[{"href":"https:\/\/mosfresh.ro\/ro\/wp-json\/wp\/v2\/product"}],"about":[{"href":"https:\/\/mosfresh.ro\/ro\/wp-json\/wp\/v2\/types\/product"}],"replies":[{"embeddable":true,"href":"https:\/\/mosfresh.ro\/ro\/wp-json\/wp\/v2\/comments?post=1061"}],"wp:featuredmedia":[{"embeddable":true,"href":"https:\/\/mosfresh.ro\/ro\/wp-json\/wp\/v2\/media\/1468"}],"wp:attachment":[{"href":"https:\/\/mosfresh.ro\/ro\/wp-json\/wp\/v2\/media?parent=1061"}],"wp:term":[{"taxonomy":"product_brand","embeddable":true,"href":"https:\/\/mosfresh.ro\/ro\/wp-json\/wp\/v2\/product_brand?post=1061"},{"taxonomy":"product_cat","embeddable":true,"href":"https:\/\/mosfresh.ro\/ro\/wp-json\/wp\/v2\/product_cat?post=1061"},{"taxonomy":"product_tag","embeddable":true,"href":"https:\/\/mosfresh.ro\/ro\/wp-json\/wp\/v2\/product_tag?post=1061"}],"curies":[{"name":"wp","href":"https:\/\/api.w.org\/{rel}","templated":true}]}}