{"id":1062,"date":"2024-09-03T18:31:34","date_gmt":"2024-09-03T18:31:34","guid":{"rendered":"https:\/\/mosfresh.ro\/?post_type=product&#038;p=1062"},"modified":"2026-03-17T11:19:35","modified_gmt":"2026-03-17T11:19:35","slug":"alma-250-ml","status":"publish","type":"product","link":"https:\/\/mosfresh.ro\/ro\/product\/alma-250-ml\/","title":{"rendered":"MERE (250ml) - suc 100% natural, presat la rece"},"content":{"rendered":"<div class=\"page\" title=\"Page 6\">\n<div class=\"section\">\n<div class=\"layoutArea\">\n<div class=\"column\">\n<p class=\"translation-block\">Acest suc de mere este ob\u021binut exclusiv din mere de calitate superioar\u0103, prin presare la rece, un proces care ajut\u0103 la p\u0103strarea gustului natural al fructelor \u0219i a con\u021binutului lor valoros de vitamine \u0219i nutrien\u021bi.\nProdusul nu con\u021bine zah\u0103r ad\u0103ugat, aditivi, conservan\u021bi, coloran\u021bi sau poten\u021biatori de arom\u0103. Sucul nu este diluat nici cu ap\u0103, exact a\u0219a cum \u00eel ofer\u0103 natura.<\/p>\n<p>Merele sunt recunoscute pentru con\u021binutul lor natural de vitamina C, antioxidan\u021bi \u0219i fibre, contribuind la sus\u021binerea sistemului imunitar, la o digestie echilibrat\u0103 \u0219i la men\u021binerea nivelului de energie pe parcursul zilei. Datorit\u0103 compozi\u021biei sale curate, sucul este potrivit at\u00e2t pentru copii, c\u00e2t \u0219i pentru adul\u021bi, fiind o alegere excelent\u0103 pentru un stil de via\u021b\u0103 s\u0103n\u0103tos.\nConsumul sucului de mere are un efect benefic asupra func\u021bion\u0103rii intestinelor \u0219i a ficatului \u0219i sprijin\u0103 procesele naturale de detoxifiere ale organismului, contribuind astfel la reducerea solicit\u0103rii rinichilor \u0219i la diminuarea form\u0103rii calculilor renali \u0219i a acidului uric.<br \/>\nConsumarea sucului de mere are un efect benefic asupra func\u021bion\u0103rii intestinelor \u0219i a ficatului \u0219i sprijin\u0103 procesul de detoxifiere al organismului, reduc\u00e2nd astfel sarcina asupra rinichilor \u0219i diminu\u00e2nd formarea pietrelor la rinichi \u0219i a acidului uric.<\/p>\n<p>Sucul nostru este pasteurizat, f\u0103r\u0103 a compromite calitatea, prospe\u021bimea sau valoarea nutri\u021bional\u0103. Este ideal consumat ca b\u0103utur\u0103 r\u0103coritoare, la micul dejun sau \u00eentre mese, atunci c\u00e2nd ai nevoie de un aport natural de nutrien\u021bi.<\/p>\n<p><strong>Ingrediente: 100% mere<\/strong><br \/>\n<strong>Cantitate: 250 ml<\/strong><br \/>\n<strong>Ambalaj: sticl\u0103<\/strong><\/p>\n<\/div>\n<\/div>\n<\/div>\n<\/div>","protected":false},"excerpt":{"rendered":"<p class=\"translation-block\">Acest suc de mere este ob\u021binut exclusiv din mere de calitate superioar\u0103, prin presare la rece, un proces care ajut\u0103 la p\u0103strarea gustului natural al fructelor \u0219i a con\u021binutului lor valoros de vitamine \u0219i nutrien\u021bi.\nProdusul nu con\u021bine zah\u0103r ad\u0103ugat, aditivi, conservan\u021bi, coloran\u021bi sau poten\u021biatori de arom\u0103. Sucul nu este diluat nici cu ap\u0103, exact a\u0219a cum \u00eel ofer\u0103 natura.<\/p>","protected":false},"featured_media":1453,"comment_status":"open","ping_status":"closed","template":"","meta":{"_et_pb_use_builder":"","_et_pb_old_content":"","_et_gb_content_width":""},"product_brand":[],"product_cat":[26,25],"product_tag":[],"class_list":{"0":"post-1062","1":"product","2":"type-product","3":"status-publish","4":"has-post-thumbnail","6":"product_cat-gyumolcsle-250ml","7":"product_cat-hidegen-preselt-gyumolcsle","9":"first","10":"instock","11":"shipping-taxable","12":"purchasable","13":"product-type-simple"},"_links":{"self":[{"href":"https:\/\/mosfresh.ro\/ro\/wp-json\/wp\/v2\/product\/1062","targetHints":{"allow":["GET"]}}],"collection":[{"href":"https:\/\/mosfresh.ro\/ro\/wp-json\/wp\/v2\/product"}],"about":[{"href":"https:\/\/mosfresh.ro\/ro\/wp-json\/wp\/v2\/types\/product"}],"replies":[{"embeddable":true,"href":"https:\/\/mosfresh.ro\/ro\/wp-json\/wp\/v2\/comments?post=1062"}],"wp:featuredmedia":[{"embeddable":true,"href":"https:\/\/mosfresh.ro\/ro\/wp-json\/wp\/v2\/media\/1453"}],"wp:attachment":[{"href":"https:\/\/mosfresh.ro\/ro\/wp-json\/wp\/v2\/media?parent=1062"}],"wp:term":[{"taxonomy":"product_brand","embeddable":true,"href":"https:\/\/mosfresh.ro\/ro\/wp-json\/wp\/v2\/product_brand?post=1062"},{"taxonomy":"product_cat","embeddable":true,"href":"https:\/\/mosfresh.ro\/ro\/wp-json\/wp\/v2\/product_cat?post=1062"},{"taxonomy":"product_tag","embeddable":true,"href":"https:\/\/mosfresh.ro\/ro\/wp-json\/wp\/v2\/product_tag?post=1062"}],"curies":[{"name":"wp","href":"https:\/\/api.w.org\/{rel}","templated":true}]}}