{"id":1063,"date":"2024-09-03T18:31:53","date_gmt":"2024-09-03T18:31:53","guid":{"rendered":"https:\/\/mosfresh.ro\/?post_type=product&#038;p=1063"},"modified":"2026-03-17T11:19:27","modified_gmt":"2026-03-17T11:19:27","slug":"barack-250-ml","status":"publish","type":"product","link":"https:\/\/mosfresh.ro\/ro\/product\/barack-250-ml\/","title":{"rendered":"PIERSICI - MERE (250ml) - suc 100% natural, presat la rece"},"content":{"rendered":"<div class=\"page\" title=\"Page 20\">\n<div class=\"section\">\n<div class=\"layoutArea\">\n<div class=\"column\">\n<p>Sucul nostru de piersici \u0219i mere este ob\u021binut prin presare la rece, din fructe atent selec\u021bionate, f\u0103r\u0103 adaos de ap\u0103, zah\u0103r sau alte substan\u021be. Propor\u021bia armonioas\u0103 dintre piersici \u0219i mere confer\u0103 un gust delicat, dulce \u0219i pl\u0103cut fructat.<\/p>\n<p>Datorit\u0103 con\u021binutului s\u0103u natural ridicat de ap\u0103, de aproximativ 85\u201390%, piersica contribuie \u00een mod special la hidratarea optim\u0103 a organismului \u00een zilele c\u0103lduroase de var\u0103. Raportul favorabil dintre potasiu \u0219i sodiu din piersic\u0103 are un efect benefic asupra s\u0103n\u0103t\u0103\u021bii sistemului cardiovascular, poate ajuta la sc\u0103derea tensiunii arteriale \u0219i sprijin\u0103 s\u0103n\u0103tatea vaselor de s\u00e2nge. Con\u021binutul semnificativ de vitamina C, precum \u0219i cel de vitamine B \u0219i biotin\u0103, contribuie la men\u021binerea s\u0103n\u0103t\u0103\u021bii pielii \u0219i p\u0103rului. Datorit\u0103 con\u021binutului ridicat de fibre, piersica sprijin\u0103 \u0219i digestia.<br \/>\nConsumarea sucului de mere are un efect benefic asupra func\u021bion\u0103rii intestinelor \u0219i a ficatului \u0219i sprijin\u0103 procesul de detoxifiere al organismului, reduc\u00e2nd astfel sarcina asupra rinichilor \u0219i diminu\u00e2nd formarea pietrelor la rinichi \u0219i a acidului uric.<\/p>\n<p>Sucul nu con\u021bine zah\u0103r ad\u0103ugat, conservan\u021bi, coloran\u021bi sau poten\u021biatori de arom\u0103. Este pasteurizat, f\u0103r\u0103 a compromite calitatea sau valoarea nutri\u021bional\u0103. O alegere ideal\u0103 pentru \u00eentreaga familie, potrivit\u0103 pentru consum zilnic.<\/p>\n<p><strong>Ingrediente: 30% piersici, 70% mere<\/strong><br \/>\n<strong>Cantitate: 250 ml<\/strong><br \/>\n<strong>Ambalaj: sticl\u0103<\/strong><\/p>\n<\/div>\n<\/div>\n<\/div>\n<\/div>","protected":false},"excerpt":{"rendered":"<p>Sucul nostru de piersici \u0219i mere este ob\u021binut prin presare la rece, din fructe atent selec\u021bionate, f\u0103r\u0103 adaos de ap\u0103, zah\u0103r sau alte substan\u021be. Propor\u021bia armonioas\u0103 dintre piersici \u0219i mere confer\u0103 un gust delicat, dulce \u0219i pl\u0103cut fructat.<\/p>\n<p>Datorit\u0103 con\u021binutului natural ridicat de ap\u0103, de aproximativ 85\u201390%, piersica contribuie \u00een mod special la hidratarea optim\u0103 a organismului, mai ales \u00een zilele c\u0103lduroase de var\u0103.<\/p>","protected":false},"featured_media":1462,"comment_status":"open","ping_status":"closed","template":"","meta":{"_et_pb_use_builder":"","_et_pb_old_content":"","_et_gb_content_width":""},"product_brand":[],"product_cat":[26,25],"product_tag":[],"class_list":{"0":"post-1063","1":"product","2":"type-product","3":"status-publish","4":"has-post-thumbnail","6":"product_cat-gyumolcsle-250ml","7":"product_cat-hidegen-preselt-gyumolcsle","9":"first","10":"instock","11":"shipping-taxable","12":"purchasable","13":"product-type-simple"},"_links":{"self":[{"href":"https:\/\/mosfresh.ro\/ro\/wp-json\/wp\/v2\/product\/1063","targetHints":{"allow":["GET"]}}],"collection":[{"href":"https:\/\/mosfresh.ro\/ro\/wp-json\/wp\/v2\/product"}],"about":[{"href":"https:\/\/mosfresh.ro\/ro\/wp-json\/wp\/v2\/types\/product"}],"replies":[{"embeddable":true,"href":"https:\/\/mosfresh.ro\/ro\/wp-json\/wp\/v2\/comments?post=1063"}],"wp:featuredmedia":[{"embeddable":true,"href":"https:\/\/mosfresh.ro\/ro\/wp-json\/wp\/v2\/media\/1462"}],"wp:attachment":[{"href":"https:\/\/mosfresh.ro\/ro\/wp-json\/wp\/v2\/media?parent=1063"}],"wp:term":[{"taxonomy":"product_brand","embeddable":true,"href":"https:\/\/mosfresh.ro\/ro\/wp-json\/wp\/v2\/product_brand?post=1063"},{"taxonomy":"product_cat","embeddable":true,"href":"https:\/\/mosfresh.ro\/ro\/wp-json\/wp\/v2\/product_cat?post=1063"},{"taxonomy":"product_tag","embeddable":true,"href":"https:\/\/mosfresh.ro\/ro\/wp-json\/wp\/v2\/product_tag?post=1063"}],"curies":[{"name":"wp","href":"https:\/\/api.w.org\/{rel}","templated":true}]}}