{"id":1064,"date":"2024-09-03T18:33:07","date_gmt":"2024-09-03T18:33:07","guid":{"rendered":"https:\/\/mosfresh.ro\/?post_type=product&#038;p=1064"},"modified":"2026-03-17T11:19:22","modified_gmt":"2026-03-17T11:19:22","slug":"vilmos-korte-250-ml","status":"publish","type":"product","link":"https:\/\/mosfresh.ro\/ro\/product\/vilmos-korte-250-ml\/","title":{"rendered":"PERE WILLIAMS-MERE (250ml) - suc 100% natural, presat la rece"},"content":{"rendered":"<div class=\"page\" title=\"Page 18\">\n<div class=\"section\">\n<div class=\"layoutArea\">\n<div class=\"column\">\n<p>Sucul nostru de pere Williams \u0219i mere este ob\u021binut prin presare la rece, din fructe atent selec\u021bionate, f\u0103r\u0103 adaos de ap\u0103, zah\u0103r sau alte substan\u021be. Propor\u021bia armonioas\u0103 dintre pere Williams \u0219i mere confer\u0103 un gust delicat, dulce \u0219i pl\u0103cut fructat, iar aroma caracteristic\u0103 a perei \u00eel face special.<\/p>\n<p>Pere Williams este \u00een mod natural bogat\u0103 \u00een fibre, care sprijin\u0103 digestia \u0219i contribuie la starea general\u0103 de bine. Con\u021binutul de vitamina C din mere ajut\u0103 la func\u021bionarea echilibrat\u0103 a organismului \u0219i la men\u021binerea nivelului zilnic de energie.<br \/>\nConsumarea sucului de mere are un efect benefic asupra func\u021bion\u0103rii intestinelor \u0219i a ficatului \u0219i sprijin\u0103 procesul de detoxifiere al organismului, reduc\u00e2nd astfel sarcina asupra rinichilor \u0219i diminu\u00e2nd formarea pietrelor la rinichi \u0219i a acidului uric.<br \/>\n\u00cen par\u0103 se g\u0103sesc vitaminele C \u0219i K, potasiu, calciu, fier, magneziu, riboflavin\u0103, acid folic \u0219i vitamina B6. Datorit\u0103 con\u021binutului ridicat de fibre, sprijin\u0103 tranzitul intestinal, reduce sarcina asupra stomacului \u0219i inflama\u021bia intestinal\u0103. Ca efect al cre\u0219terii aportului de fibre, scad \u0219i tensiunea arterial\u0103 \u0219i nivelul colesterolului.<\/p>\n<p>Sucul nu con\u021bine zah\u0103r ad\u0103ugat, conservan\u021bi, coloran\u021bi sau poten\u021biatori de arom\u0103. Este pasteurizat, f\u0103r\u0103 a compromite calitatea sau valoarea nutri\u021bional\u0103. O alegere ideal\u0103 pentru \u00eentreaga familie, potrivit\u0103 pentru consum zilnic.<\/p>\n<p><strong>Ingrediente: 30% pere Williams, 70% mere<\/strong><br \/>\n<strong>Cantitate: 250 ml<\/strong><br \/>\n<strong>Ambalaj: sticl\u0103<\/strong><\/p>\n<\/div>\n<\/div>\n<\/div>\n<\/div>","protected":false},"excerpt":{"rendered":"<p>Sucul nostru de pere Williams \u0219i mere este ob\u021binut prin presare la rece, din fructe atent selec\u021bionate, f\u0103r\u0103 adaos de ap\u0103, zah\u0103r sau alte substan\u021be. Propor\u021bia armonioas\u0103 dintre pere Williams \u0219i mere confer\u0103 un gust delicat, dulce \u0219i pl\u0103cut fructat, iar aroma caracteristic\u0103 a perei \u00eel face special.<br \/>\nPere Williams este \u00een mod natural bogat\u0103 \u00een fibre, care sprijin\u0103 digestia \u0219i contribuie la starea general\u0103 de bine. Con\u021binutul de vitamina C din mere ajut\u0103 la func\u021bionarea echilibrat\u0103 a organismului \u0219i la men\u021binerea nivelului zilnic de energie.<\/p>","protected":false},"featured_media":1456,"comment_status":"open","ping_status":"closed","template":"","meta":{"_et_pb_use_builder":"","_et_pb_old_content":"","_et_gb_content_width":""},"product_brand":[],"product_cat":[26,25],"product_tag":[],"class_list":{"0":"post-1064","1":"product","2":"type-product","3":"status-publish","4":"has-post-thumbnail","6":"product_cat-gyumolcsle-250ml","7":"product_cat-hidegen-preselt-gyumolcsle","9":"first","10":"instock","11":"shipping-taxable","12":"purchasable","13":"product-type-simple"},"_links":{"self":[{"href":"https:\/\/mosfresh.ro\/ro\/wp-json\/wp\/v2\/product\/1064","targetHints":{"allow":["GET"]}}],"collection":[{"href":"https:\/\/mosfresh.ro\/ro\/wp-json\/wp\/v2\/product"}],"about":[{"href":"https:\/\/mosfresh.ro\/ro\/wp-json\/wp\/v2\/types\/product"}],"replies":[{"embeddable":true,"href":"https:\/\/mosfresh.ro\/ro\/wp-json\/wp\/v2\/comments?post=1064"}],"wp:featuredmedia":[{"embeddable":true,"href":"https:\/\/mosfresh.ro\/ro\/wp-json\/wp\/v2\/media\/1456"}],"wp:attachment":[{"href":"https:\/\/mosfresh.ro\/ro\/wp-json\/wp\/v2\/media?parent=1064"}],"wp:term":[{"taxonomy":"product_brand","embeddable":true,"href":"https:\/\/mosfresh.ro\/ro\/wp-json\/wp\/v2\/product_brand?post=1064"},{"taxonomy":"product_cat","embeddable":true,"href":"https:\/\/mosfresh.ro\/ro\/wp-json\/wp\/v2\/product_cat?post=1064"},{"taxonomy":"product_tag","embeddable":true,"href":"https:\/\/mosfresh.ro\/ro\/wp-json\/wp\/v2\/product_tag?post=1064"}],"curies":[{"name":"wp","href":"https:\/\/api.w.org\/{rel}","templated":true}]}}